{"id":6332,"date":"2022-11-22T14:01:27","date_gmt":"2022-11-22T13:01:27","guid":{"rendered":"https:\/\/www.panara.sk\/introduction\/the-philosophy-of-panara\/"},"modified":"2022-11-23T09:24:36","modified_gmt":"2022-11-23T08:24:36","slug":"the-philosophy-of-panara","status":"publish","type":"page","link":"https:\/\/www.panara.sk\/en\/introduction\/the-philosophy-of-panara\/","title":{"rendered":"The philosophy of .panara"},"content":{"rendered":"\t\t<div data-elementor-type=\"wp-page\" data-elementor-id=\"6332\" class=\"elementor elementor-6332\" data-elementor-post-type=\"page\">\n\t\t\t\t\t\t<section class=\"elementor-section elementor-top-section elementor-element elementor-element-7ce0842f elementor-section-full_width elementor-section-content-bottom elementor-section-height-default elementor-section-height-default\" data-id=\"7ce0842f\" data-element_type=\"section\">\n\t\t\t\t\t\t<div class=\"elementor-container elementor-column-gap-default\">\n\t\t\t\t\t<div class=\"elementor-column elementor-col-100 elementor-top-column elementor-element elementor-element-2ad535be\" data-id=\"2ad535be\" data-element_type=\"column\" data-settings=\"{&quot;background_background&quot;:&quot;classic&quot;}\">\n\t\t\t<div class=\"elementor-widget-wrap elementor-element-populated\">\n\t\t\t\t\t\t<div class=\"elementor-element elementor-element-aad618a elementor-invisible elementor-widget elementor-widget-heading\" data-id=\"aad618a\" data-element_type=\"widget\" data-settings=\"{&quot;_animation&quot;:&quot;fadeIn&quot;,&quot;_animation_delay&quot;:0}\" data-widget_type=\"heading.default\">\n\t\t\t\t<div class=\"elementor-widget-container\">\n\t\t\t\t\t<h1 class=\"elementor-heading-title elementor-size-default\">Panara introduced a premium, environmentally-friendly product<\/h1>\t\t\t\t<\/div>\n\t\t\t\t<\/div>\n\t\t\t\t<div class=\"elementor-element elementor-element-730754e3 elementor-invisible elementor-widget elementor-widget-text-editor\" data-id=\"730754e3\" data-element_type=\"widget\" data-settings=\"{&quot;_animation&quot;:&quot;fadeIn&quot;,&quot;_animation_delay&quot;:500}\" data-widget_type=\"text-editor.default\">\n\t\t\t\t<div class=\"elementor-widget-container\">\n\t\t\t\t\t\t\t\t\t<p>After years of research, we have invented a <span class=\"yellow-coursive\">completely new class of bioplastics<\/span>. NonOilen meets the highest criteria set for modern polymer composites. We are a&nbsp;leader in solutions that do not lead to an increase in&nbsp;the concentration of CO2 or&nbsp;microplastics and enable reusable design. Rather than be disposed of in&nbsp;an incinerator, NonOilen can be composted.<\/p>\n\t\t\t\t\t\t\t\t<\/div>\n\t\t\t\t<\/div>\n\t\t\t\t\t<\/div>\n\t\t<\/div>\n\t\t\t\t\t<\/div>\n\t\t<\/section>\n\t\t\t\t<section class=\"elementor-section elementor-top-section elementor-element elementor-element-6cf9e62 elementor-section-full_width elementor-section-height-default elementor-section-height-default\" data-id=\"6cf9e62\" data-element_type=\"section\">\n\t\t\t\t\t\t<div class=\"elementor-container elementor-column-gap-default\">\n\t\t\t\t\t<div class=\"elementor-column elementor-col-100 elementor-top-column elementor-element elementor-element-a4e5d62\" data-id=\"a4e5d62\" data-element_type=\"column\">\n\t\t\t<div class=\"elementor-widget-wrap elementor-element-populated\">\n\t\t\t\t\t\t<div class=\"elementor-element elementor-element-6eeb3f7 elementor-widget elementor-widget-image\" data-id=\"6eeb3f7\" data-element_type=\"widget\" data-widget_type=\"image.default\">\n\t\t\t\t<div class=\"elementor-widget-container\">\n\t\t\t\t\t\t\t\t\t\t\t\t\t\t\t<img fetchpriority=\"high\" decoding=\"async\" width=\"1024\" height=\"704\" src=\"https:\/\/www.panara.sk\/wp-content\/uploads\/2022\/11\/nonoilen-vyrobky-kelimky-pohare-cerveny-zeleny-podklad-1024x704.jpg\" class=\"attachment-large size-large wp-image-6322\" alt=\"Kol\u00e1\u017e v\u00fdrobkov z NonOilenu (kel\u00edmky a poh\u00e1re) na zelenom a \u010dervenom podklade.\" srcset=\"https:\/\/www.panara.sk\/wp-content\/uploads\/2022\/11\/nonoilen-vyrobky-kelimky-pohare-cerveny-zeleny-podklad-1024x704.jpg 1024w, https:\/\/www.panara.sk\/wp-content\/uploads\/2022\/11\/nonoilen-vyrobky-kelimky-pohare-cerveny-zeleny-podklad-300x206.jpg 300w, https:\/\/www.panara.sk\/wp-content\/uploads\/2022\/11\/nonoilen-vyrobky-kelimky-pohare-cerveny-zeleny-podklad-768x528.jpg 768w, https:\/\/www.panara.sk\/wp-content\/uploads\/2022\/11\/nonoilen-vyrobky-kelimky-pohare-cerveny-zeleny-podklad-1536x1056.jpg 1536w, https:\/\/www.panara.sk\/wp-content\/uploads\/2022\/11\/nonoilen-vyrobky-kelimky-pohare-cerveny-zeleny-podklad-2048x1408.jpg 2048w\" sizes=\"(max-width: 1024px) 100vw, 1024px\" \/>\t\t\t\t\t\t\t\t\t\t\t\t\t\t\t<\/div>\n\t\t\t\t<\/div>\n\t\t\t\t\t<\/div>\n\t\t<\/div>\n\t\t\t\t\t<\/div>\n\t\t<\/section>\n\t\t\t\t<section class=\"elementor-section elementor-top-section elementor-element elementor-element-fcbf637 elementor-section-boxed elementor-section-height-default elementor-section-height-default\" data-id=\"fcbf637\" data-element_type=\"section\">\n\t\t\t\t\t\t<div class=\"elementor-container elementor-column-gap-default\">\n\t\t\t\t\t<div class=\"elementor-column elementor-col-100 elementor-top-column elementor-element elementor-element-9b2f4f9\" data-id=\"9b2f4f9\" data-element_type=\"column\">\n\t\t\t<div class=\"elementor-widget-wrap elementor-element-populated\">\n\t\t\t\t\t\t<div class=\"elementor-element elementor-element-f538e50 elementor-widget elementor-widget-text-editor\" data-id=\"f538e50\" data-element_type=\"widget\" data-widget_type=\"text-editor.default\">\n\t\t\t\t<div class=\"elementor-widget-container\">\n\t\t\t\t\t\t\t\t\t<p>At PANARA, we were already thinking about the environmental impact of plastic production and consumption at a time when plastic waste was yet not at the forefront of experts&#8217; interest. Gradually, this topic became one of the priorities of the world economy, and in 2018 the European Union adopted a strategy on plastics in the circular economy. Its implementation met with a strong resistance from lobbyists. Therefore, a solution used in practice is a compromise between commerce and ecology.<\/p>\n<p>At PANARA, we take this very seriously. We support plastic recycling, as it effectively reduces the amount of plastic waste. However, we know that recycling is not the only and sustainable solution, as it is often presented.<\/p>\n<p>Plastic waste is used to source new recyclate for the production of recycled plastics. In the end, however, we are still left with some plastic waste. Plastic cannot be recycled indefinitely. Over time, recyclates degrade strongly and can no longer be used. Recycling helps to reduce the amount of plastic waste in the present, but leaves the problem for future generations.<\/p>\n<p>We take this issue very seriously. That&#8217;s why we set ourselves the goal of achieving realistic environmental solutions based on our patented NonOilen material. <br \/>We do not reject recycling, although it is extremely energy-intensive. However, we think the future lies in bioplastics made from renewable resources. Therefore, we do not want to join the multitude of manufacturers of so-called bioplastics or compostable plastics, who praise the &#8220;bio-properties&#8221; of their product, but do not provide all the information about its origin, or the conditions under which it can be disposed of.<\/p>\n<p>In 2021, the European Environmental Agency defined three areas for the sustainable management of plastics, which must be interconnected:<\/p>\n<ul>\n<li>More efficient handling of plastics and the concept of repeated use<\/li>\n<li>Increase in the level of plastic recycling<\/li>\n<li>Reduction of the sector&#8217;s dependence on fossil fuels by transitioning to the use of materials produced from renewable sources.<\/li>\n<\/ul>\n<p>Each area relates to a different phase of the plastics life cycle. This is exactly the approach, whose principles PANARA adopted a long time ago.<\/p>\n\t\t\t\t\t\t\t\t<\/div>\n\t\t\t\t<\/div>\n\t\t\t\t\t<\/div>\n\t\t<\/div>\n\t\t\t\t\t<\/div>\n\t\t<\/section>\n\t\t\t\t<\/div>\n\t\t","protected":false},"excerpt":{"rendered":"<p>Panara introduced a premium, environmentally-friendly product After years of research, we have invented a completely new class of bioplastics. NonOilen meets the highest criteria set for modern polymer composites. We are a&nbsp;leader in solutions that do not lead to an increase in&nbsp;the concentration of CO2 or&nbsp;microplastics and enable reusable design. Rather than be disposed of [&hellip;]<\/p>\n","protected":false},"author":3,"featured_media":0,"parent":6086,"menu_order":0,"comment_status":"closed","ping_status":"closed","template":"elementor_header_footer","meta":{"om_disable_all_campaigns":false,"inline_featured_image":false,"_monsterinsights_skip_tracking":false,"_monsterinsights_sitenote_active":false,"_monsterinsights_sitenote_note":"","_monsterinsights_sitenote_category":0,"_uf_show_specific_survey":0,"_uf_disable_surveys":false,"site-sidebar-layout":"no-sidebar","site-content-layout":"page-builder","ast-site-content-layout":"default","site-content-style":"default","site-sidebar-style":"default","ast-global-header-display":"","ast-banner-title-visibility":"","ast-main-header-display":"","ast-hfb-above-header-display":"","ast-hfb-below-header-display":"","ast-hfb-mobile-header-display":"","site-post-title":"disabled","ast-breadcrumbs-content":"","ast-featured-img":"disabled","footer-sml-layout":"","ast-disable-related-posts":"","theme-transparent-header-meta":"","adv-header-id-meta":"","stick-header-meta":"","header-above-stick-meta":"","header-main-stick-meta":"","header-below-stick-meta":"","astra-migrate-meta-layouts":"default","ast-page-background-enabled":"default","ast-page-background-meta":{"desktop":{"background-color":"var(--ast-global-color-4)","background-image":"","background-repeat":"repeat","background-position":"center center","background-size":"auto","background-attachment":"scroll","background-type":"","background-media":"","overlay-type":"","overlay-color":"","overlay-opacity":"","overlay-gradient":""},"tablet":{"background-color":"","background-image":"","background-repeat":"repeat","background-position":"center center","background-size":"auto","background-attachment":"scroll","background-type":"","background-media":"","overlay-type":"","overlay-color":"","overlay-opacity":"","overlay-gradient":""},"mobile":{"background-color":"","background-image":"","background-repeat":"repeat","background-position":"center center","background-size":"auto","background-attachment":"scroll","background-type":"","background-media":"","overlay-type":"","overlay-color":"","overlay-opacity":"","overlay-gradient":""}},"ast-content-background-meta":{"desktop":{"background-color":"var(--ast-global-color-5)","background-image":"","background-repeat":"repeat","background-position":"center center","background-size":"auto","background-attachment":"scroll","background-type":"","background-media":"","overlay-type":"","overlay-color":"","overlay-opacity":"","overlay-gradient":""},"tablet":{"background-color":"var(--ast-global-color-5)","background-image":"","background-repeat":"repeat","background-position":"center center","background-size":"auto","background-attachment":"scroll","background-type":"","background-media":"","overlay-type":"","overlay-color":"","overlay-opacity":"","overlay-gradient":""},"mobile":{"background-color":"var(--ast-global-color-5)","background-image":"","background-repeat":"repeat","background-position":"center center","background-size":"auto","background-attachment":"scroll","background-type":"","background-media":"","overlay-type":"","overlay-color":"","overlay-opacity":"","overlay-gradient":""}},"footnotes":""},"class_list":["post-6332","page","type-page","status-publish","hentry"],"aioseo_notices":[],"yoast_head":"<!-- This site is optimized with the Yoast SEO plugin v27.4 - https:\/\/yoast.com\/product\/yoast-seo-wordpress\/ -->\n<title>The philosophy of .panara &#8226; Nonoilen<\/title>\n<meta name=\"robots\" content=\"index, follow, max-snippet:-1, max-image-preview:large, max-video-preview:-1\" \/>\n<link rel=\"canonical\" href=\"https:\/\/www.panara.sk\/introduction\/the-philosophy-of-panara\/\" \/>\n<meta property=\"og:locale\" content=\"en_US\" \/>\n<meta property=\"og:type\" content=\"article\" \/>\n<meta property=\"og:title\" content=\"The philosophy of .panara &#8226; Nonoilen\" \/>\n<meta property=\"og:description\" content=\"Panara introduced a premium, environmentally-friendly product After years of research, we have invented a completely new class of bioplastics. NonOilen meets the highest criteria set for modern polymer composites. We are a&nbsp;leader in solutions that do not lead to an increase in&nbsp;the concentration of CO2 or&nbsp;microplastics and enable reusable design. Rather than be disposed of [&hellip;]\" \/>\n<meta property=\"og:url\" content=\"https:\/\/www.panara.sk\/introduction\/the-philosophy-of-panara\/\" \/>\n<meta property=\"og:site_name\" content=\"Nonoilen\" \/>\n<meta property=\"article:publisher\" content=\"https:\/\/www.facebook.com\/profile.php?id=100063489573857\" \/>\n<meta property=\"article:modified_time\" content=\"2022-11-23T08:24:36+00:00\" \/>\n<meta property=\"og:image\" content=\"https:\/\/www.panara.sk\/wp-content\/uploads\/2022\/11\/nonoilen-vyrobky-kelimky-pohare-cerveny-zeleny-podklad-1024x704.jpg\" \/>\n<meta name=\"twitter:card\" content=\"summary_large_image\" \/>\n<meta name=\"twitter:label1\" content=\"Est. reading time\" \/>\n\t<meta name=\"twitter:data1\" content=\"3 minutes\" \/>\n<script type=\"application\/ld+json\" class=\"yoast-schema-graph\">{\"@context\":\"https:\\\/\\\/schema.org\",\"@graph\":[{\"@type\":\"WebPage\",\"@id\":\"https:\\\/\\\/www.panara.sk\\\/introduction\\\/the-philosophy-of-panara\\\/\",\"url\":\"https:\\\/\\\/www.panara.sk\\\/introduction\\\/the-philosophy-of-panara\\\/\",\"name\":\"The philosophy of .panara &#8226; Nonoilen\",\"isPartOf\":{\"@id\":\"https:\\\/\\\/www.panara.sk\\\/#website\"},\"primaryImageOfPage\":{\"@id\":\"https:\\\/\\\/www.panara.sk\\\/introduction\\\/the-philosophy-of-panara\\\/#primaryimage\"},\"image\":{\"@id\":\"https:\\\/\\\/www.panara.sk\\\/introduction\\\/the-philosophy-of-panara\\\/#primaryimage\"},\"thumbnailUrl\":\"https:\\\/\\\/www.panara.sk\\\/wp-content\\\/uploads\\\/2022\\\/11\\\/nonoilen-vyrobky-kelimky-pohare-cerveny-zeleny-podklad-1024x704.jpg\",\"datePublished\":\"2022-11-22T13:01:27+00:00\",\"dateModified\":\"2022-11-23T08:24:36+00:00\",\"breadcrumb\":{\"@id\":\"https:\\\/\\\/www.panara.sk\\\/introduction\\\/the-philosophy-of-panara\\\/#breadcrumb\"},\"inLanguage\":\"en-US\",\"potentialAction\":[{\"@type\":\"ReadAction\",\"target\":[\"https:\\\/\\\/www.panara.sk\\\/introduction\\\/the-philosophy-of-panara\\\/\"]}]},{\"@type\":\"ImageObject\",\"inLanguage\":\"en-US\",\"@id\":\"https:\\\/\\\/www.panara.sk\\\/introduction\\\/the-philosophy-of-panara\\\/#primaryimage\",\"url\":\"https:\\\/\\\/www.panara.sk\\\/wp-content\\\/uploads\\\/2022\\\/11\\\/nonoilen-vyrobky-kelimky-pohare-cerveny-zeleny-podklad-1024x704.jpg\",\"contentUrl\":\"https:\\\/\\\/www.panara.sk\\\/wp-content\\\/uploads\\\/2022\\\/11\\\/nonoilen-vyrobky-kelimky-pohare-cerveny-zeleny-podklad-1024x704.jpg\"},{\"@type\":\"BreadcrumbList\",\"@id\":\"https:\\\/\\\/www.panara.sk\\\/introduction\\\/the-philosophy-of-panara\\\/#breadcrumb\",\"itemListElement\":[{\"@type\":\"ListItem\",\"position\":1,\"name\":\"Home\",\"item\":\"https:\\\/\\\/www.panara.sk\\\/\"},{\"@type\":\"ListItem\",\"position\":2,\"name\":\"Introduction\",\"item\":\"https:\\\/\\\/www.panara.sk\\\/\"},{\"@type\":\"ListItem\",\"position\":3,\"name\":\"The philosophy of .panara\"}]},{\"@type\":\"WebSite\",\"@id\":\"https:\\\/\\\/www.panara.sk\\\/#website\",\"url\":\"https:\\\/\\\/www.panara.sk\\\/\",\"name\":\"Nonoilen\",\"description\":\"For Cleaner Environment.\",\"publisher\":{\"@id\":\"https:\\\/\\\/www.panara.sk\\\/#organization\"},\"potentialAction\":[{\"@type\":\"SearchAction\",\"target\":{\"@type\":\"EntryPoint\",\"urlTemplate\":\"https:\\\/\\\/www.panara.sk\\\/?s={search_term_string}\"},\"query-input\":{\"@type\":\"PropertyValueSpecification\",\"valueRequired\":true,\"valueName\":\"search_term_string\"}}],\"inLanguage\":\"en-US\"},{\"@type\":\"Organization\",\"@id\":\"https:\\\/\\\/www.panara.sk\\\/#organization\",\"name\":\"NonOilen\",\"url\":\"https:\\\/\\\/www.panara.sk\\\/\",\"logo\":{\"@type\":\"ImageObject\",\"inLanguage\":\"en-US\",\"@id\":\"https:\\\/\\\/www.panara.sk\\\/#\\\/schema\\\/logo\\\/image\\\/\",\"url\":\"https:\\\/\\\/www.panara.sk\\\/wp-content\\\/uploads\\\/2021\\\/09\\\/Nonoilen-made-for-cleaner-environment.svg\",\"contentUrl\":\"https:\\\/\\\/www.panara.sk\\\/wp-content\\\/uploads\\\/2021\\\/09\\\/Nonoilen-made-for-cleaner-environment.svg\",\"width\":178,\"height\":74,\"caption\":\"NonOilen\"},\"image\":{\"@id\":\"https:\\\/\\\/www.panara.sk\\\/#\\\/schema\\\/logo\\\/image\\\/\"},\"sameAs\":[\"https:\\\/\\\/www.facebook.com\\\/profile.php?id=100063489573857\"]}]}<\/script>\n<!-- \/ Yoast SEO plugin. -->","yoast_head_json":{"title":"The philosophy of .panara &#8226; Nonoilen","robots":{"index":"index","follow":"follow","max-snippet":"max-snippet:-1","max-image-preview":"max-image-preview:large","max-video-preview":"max-video-preview:-1"},"canonical":"https:\/\/www.panara.sk\/introduction\/the-philosophy-of-panara\/","og_locale":"en_US","og_type":"article","og_title":"The philosophy of .panara &#8226; Nonoilen","og_description":"Panara introduced a premium, environmentally-friendly product After years of research, we have invented a completely new class of bioplastics. NonOilen meets the highest criteria set for modern polymer composites. We are a&nbsp;leader in solutions that do not lead to an increase in&nbsp;the concentration of CO2 or&nbsp;microplastics and enable reusable design. Rather than be disposed of [&hellip;]","og_url":"https:\/\/www.panara.sk\/introduction\/the-philosophy-of-panara\/","og_site_name":"Nonoilen","article_publisher":"https:\/\/www.facebook.com\/profile.php?id=100063489573857","article_modified_time":"2022-11-23T08:24:36+00:00","og_image":[{"url":"https:\/\/www.panara.sk\/wp-content\/uploads\/2022\/11\/nonoilen-vyrobky-kelimky-pohare-cerveny-zeleny-podklad-1024x704.jpg","type":"","width":"","height":""}],"twitter_card":"summary_large_image","twitter_misc":{"Est. reading time":"3 minutes"},"schema":{"@context":"https:\/\/schema.org","@graph":[{"@type":"WebPage","@id":"https:\/\/www.panara.sk\/introduction\/the-philosophy-of-panara\/","url":"https:\/\/www.panara.sk\/introduction\/the-philosophy-of-panara\/","name":"The philosophy of .panara &#8226; Nonoilen","isPartOf":{"@id":"https:\/\/www.panara.sk\/#website"},"primaryImageOfPage":{"@id":"https:\/\/www.panara.sk\/introduction\/the-philosophy-of-panara\/#primaryimage"},"image":{"@id":"https:\/\/www.panara.sk\/introduction\/the-philosophy-of-panara\/#primaryimage"},"thumbnailUrl":"https:\/\/www.panara.sk\/wp-content\/uploads\/2022\/11\/nonoilen-vyrobky-kelimky-pohare-cerveny-zeleny-podklad-1024x704.jpg","datePublished":"2022-11-22T13:01:27+00:00","dateModified":"2022-11-23T08:24:36+00:00","breadcrumb":{"@id":"https:\/\/www.panara.sk\/introduction\/the-philosophy-of-panara\/#breadcrumb"},"inLanguage":"en-US","potentialAction":[{"@type":"ReadAction","target":["https:\/\/www.panara.sk\/introduction\/the-philosophy-of-panara\/"]}]},{"@type":"ImageObject","inLanguage":"en-US","@id":"https:\/\/www.panara.sk\/introduction\/the-philosophy-of-panara\/#primaryimage","url":"https:\/\/www.panara.sk\/wp-content\/uploads\/2022\/11\/nonoilen-vyrobky-kelimky-pohare-cerveny-zeleny-podklad-1024x704.jpg","contentUrl":"https:\/\/www.panara.sk\/wp-content\/uploads\/2022\/11\/nonoilen-vyrobky-kelimky-pohare-cerveny-zeleny-podklad-1024x704.jpg"},{"@type":"BreadcrumbList","@id":"https:\/\/www.panara.sk\/introduction\/the-philosophy-of-panara\/#breadcrumb","itemListElement":[{"@type":"ListItem","position":1,"name":"Home","item":"https:\/\/www.panara.sk\/"},{"@type":"ListItem","position":2,"name":"Introduction","item":"https:\/\/www.panara.sk\/"},{"@type":"ListItem","position":3,"name":"The philosophy of .panara"}]},{"@type":"WebSite","@id":"https:\/\/www.panara.sk\/#website","url":"https:\/\/www.panara.sk\/","name":"Nonoilen","description":"For Cleaner Environment.","publisher":{"@id":"https:\/\/www.panara.sk\/#organization"},"potentialAction":[{"@type":"SearchAction","target":{"@type":"EntryPoint","urlTemplate":"https:\/\/www.panara.sk\/?s={search_term_string}"},"query-input":{"@type":"PropertyValueSpecification","valueRequired":true,"valueName":"search_term_string"}}],"inLanguage":"en-US"},{"@type":"Organization","@id":"https:\/\/www.panara.sk\/#organization","name":"NonOilen","url":"https:\/\/www.panara.sk\/","logo":{"@type":"ImageObject","inLanguage":"en-US","@id":"https:\/\/www.panara.sk\/#\/schema\/logo\/image\/","url":"https:\/\/www.panara.sk\/wp-content\/uploads\/2021\/09\/Nonoilen-made-for-cleaner-environment.svg","contentUrl":"https:\/\/www.panara.sk\/wp-content\/uploads\/2021\/09\/Nonoilen-made-for-cleaner-environment.svg","width":178,"height":74,"caption":"NonOilen"},"image":{"@id":"https:\/\/www.panara.sk\/#\/schema\/logo\/image\/"},"sameAs":["https:\/\/www.facebook.com\/profile.php?id=100063489573857"]}]}},"_links":{"self":[{"href":"https:\/\/www.panara.sk\/en\/wp-json\/wp\/v2\/pages\/6332","targetHints":{"allow":["GET"]}}],"collection":[{"href":"https:\/\/www.panara.sk\/en\/wp-json\/wp\/v2\/pages"}],"about":[{"href":"https:\/\/www.panara.sk\/en\/wp-json\/wp\/v2\/types\/page"}],"author":[{"embeddable":true,"href":"https:\/\/www.panara.sk\/en\/wp-json\/wp\/v2\/users\/3"}],"replies":[{"embeddable":true,"href":"https:\/\/www.panara.sk\/en\/wp-json\/wp\/v2\/comments?post=6332"}],"version-history":[{"count":4,"href":"https:\/\/www.panara.sk\/en\/wp-json\/wp\/v2\/pages\/6332\/revisions"}],"predecessor-version":[{"id":6357,"href":"https:\/\/www.panara.sk\/en\/wp-json\/wp\/v2\/pages\/6332\/revisions\/6357"}],"up":[{"embeddable":true,"href":"https:\/\/www.panara.sk\/en\/wp-json\/wp\/v2\/pages\/6086"}],"wp:attachment":[{"href":"https:\/\/www.panara.sk\/en\/wp-json\/wp\/v2\/media?parent=6332"}],"curies":[{"name":"wp","href":"https:\/\/api.w.org\/{rel}","templated":true}]}}